{"id":74,"date":"2022-05-19T11:23:16","date_gmt":"2022-05-19T09:23:16","guid":{"rendered":"http:\/\/velovel.cluster031.hosting.ovh.net\/?page_id=74"},"modified":"2022-06-04T10:19:22","modified_gmt":"2022-06-04T08:19:22","slug":"cours-weekend-enduro","status":"publish","type":"page","link":"https:\/\/veloverdon.fr\/index.php\/cours-weekend-enduro\/","title":{"rendered":"Cours weekend Enduro"},"content":{"rendered":"\n<h3 class=\"wp-block-heading\">Description&nbsp;:<\/h3>\n\n\n\n<p>Le samedi et dimanche<\/p>\n\n\n\n<p>Deux journ\u00e9es de 6h<br>A partir de 3 \u00e9l\u00e8ves, limit\u00e9 \u00e0 7<\/p>\n\n\n\n<p>Possibilit\u00e9 de d\u00e9placement en navette \u00e0 la charge de l\u2019\u00e9cole.<\/p>\n\n\n\n<p>Possibilit\u00e9 de bike park (forfait \u00e0 la charge de l\u2019\u00e9l\u00e8ve)<\/p>\n\n\n\n<h3 class=\"wp-block-heading\">Niveau et \u00e2ge&nbsp;:<\/h3>\n\n\n\n<p>Plus de 12 ans \/ adultes ayant un niveau interm\u00e9diaire<\/p>\n\n\n\n<p>Capable de ma\u00eetriser sa vitesse et trajectoire sur sentier monotrace<\/p>\n\n\n\n<h3 class=\"wp-block-heading\">Tarifs&nbsp;:<\/h3>\n\n\n\n<p>150\u20ac pour le weekend<\/p>\n\n\n\n<p>+ 20\u20ac pour le pr\u00eat d\u2019un VTT pour le weekend.<\/p>\n\n\n\n<p>Mat\u00e9riel de protection pr\u00eat\u00e9 automatiquement<\/p>\n\n\n\n<p><\/p>\n\n\n\n<div class=\"wp-block-cover alignfull\" style=\"min-height:800px;aspect-ratio:unset;\"><span aria-hidden=\"true\" class=\"wp-block-cover__background has-background-dim-60 has-background-dim\"><\/span><img decoding=\"async\" class=\"wp-block-cover__image-background\" alt=\"\" src=\"https:\/\/s.w.org\/images\/core\/5.8\/forest.jpg\" data-object-fit=\"cover\"\/><div class=\"wp-block-cover__inner-container is-layout-flow wp-block-cover-is-layout-flow\">\n<h2 class=\"alignwide has-text-color wp-block-heading\" style=\"color:#ffe074;font-size:64px\">Cours weekend enduro.<\/h2>\n\n\n\n<div class=\"wp-block-columns alignwide is-layout-flex wp-container-core-columns-is-layout-9d6595d7 wp-block-columns-is-layout-flex\">\n<div class=\"wp-block-column is-layout-flow wp-block-column-is-layout-flow\" style=\"flex-basis:55%\">\n<h3 class=\"wp-block-heading\">Description&nbsp;:<\/h3>\n\n\n\n<p>Le samedi et dimanche<\/p>\n\n\n\n<p>Deux journ\u00e9es de 6h<br>A partir de 3 \u00e9l\u00e8ves, limit\u00e9 \u00e0 7<\/p>\n\n\n\n<p>Possibilit\u00e9 de d\u00e9placement en navette \u00e0 la charge de l\u2019\u00e9cole.<\/p>\n\n\n\n<p>Possibilit\u00e9 de bike park (forfait \u00e0 la charge de l\u2019\u00e9l\u00e8ve)<\/p>\n\n\n\n<h3 class=\"wp-block-heading\">Niveau et \u00e2ge&nbsp;:<\/h3>\n\n\n\n<p>Plus de 12 ans \/ adultes ayant un niveau interm\u00e9diaire<\/p>\n\n\n\n<p>Capable de ma\u00eetriser sa vitesse et trajectoire sur sentier monotrace<\/p>\n\n\n\n<h3 class=\"wp-block-heading\">Tarifs&nbsp;:<\/h3>\n\n\n\n<p>150\u20ac pour le weekend<\/p>\n\n\n\n<p>+ 20\u20ac pour le pr\u00eat d\u2019un VTT pour le weekend.<\/p>\n\n\n\n<p>Mat\u00e9riel de protection pr\u00eat\u00e9 automatiquement<\/p>\n\n\n\n<p class=\"has-text-color\" style=\"color:#ffe074;font-size:12px;line-height:1.3\"><\/p>\n<\/div>\n\n\n\n<div class=\"wp-block-column is-layout-flow wp-block-column-is-layout-flow\">\n<figure class=\"wp-block-image size-large is-resized\"><img loading=\"lazy\" decoding=\"async\" src=\"http:\/\/velovel.cluster031.hosting.ovh.net\/wp-content\/uploads\/2022\/06\/WhatsApp-Image-2022-06-04-at-10.17.37-1-1024x768.jpeg\" alt=\"\" class=\"wp-image-163\" width=\"329\" height=\"246\" srcset=\"https:\/\/veloverdon.fr\/wp-content\/uploads\/2022\/06\/WhatsApp-Image-2022-06-04-at-10.17.37-1-1024x768.jpeg 1024w, https:\/\/veloverdon.fr\/wp-content\/uploads\/2022\/06\/WhatsApp-Image-2022-06-04-at-10.17.37-1-300x225.jpeg 300w, https:\/\/veloverdon.fr\/wp-content\/uploads\/2022\/06\/WhatsApp-Image-2022-06-04-at-10.17.37-1-768x576.jpeg 768w, https:\/\/veloverdon.fr\/wp-content\/uploads\/2022\/06\/WhatsApp-Image-2022-06-04-at-10.17.37-1-1536x1152.jpeg 1536w, https:\/\/veloverdon.fr\/wp-content\/uploads\/2022\/06\/WhatsApp-Image-2022-06-04-at-10.17.37-1.jpeg 1600w\" sizes=\"auto, (max-width: 329px) 100vw, 329px\" \/><\/figure>\n<\/div>\n<\/div>\n<\/div><\/div>\n","protected":false},"excerpt":{"rendered":"<p>Description&nbsp;: Le samedi et dimanche Deux journ\u00e9es de 6hA partir de 3 \u00e9l\u00e8ves, limit\u00e9 \u00e0 7 Possibilit\u00e9 de d\u00e9placement en navette \u00e0 la charge de [&hellip;]<\/p>\n","protected":false},"author":1,"featured_media":0,"parent":0,"menu_order":0,"comment_status":"closed","ping_status":"closed","template":"","meta":{"footnotes":""},"class_list":["post-74","page","type-page","status-publish","hentry"],"_links":{"self":[{"href":"https:\/\/veloverdon.fr\/index.php\/wp-json\/wp\/v2\/pages\/74","targetHints":{"allow":["GET"]}}],"collection":[{"href":"https:\/\/veloverdon.fr\/index.php\/wp-json\/wp\/v2\/pages"}],"about":[{"href":"https:\/\/veloverdon.fr\/index.php\/wp-json\/wp\/v2\/types\/page"}],"author":[{"embeddable":true,"href":"https:\/\/veloverdon.fr\/index.php\/wp-json\/wp\/v2\/users\/1"}],"replies":[{"embeddable":true,"href":"https:\/\/veloverdon.fr\/index.php\/wp-json\/wp\/v2\/comments?post=74"}],"version-history":[{"count":3,"href":"https:\/\/veloverdon.fr\/index.php\/wp-json\/wp\/v2\/pages\/74\/revisions"}],"predecessor-version":[{"id":164,"href":"https:\/\/veloverdon.fr\/index.php\/wp-json\/wp\/v2\/pages\/74\/revisions\/164"}],"wp:attachment":[{"href":"https:\/\/veloverdon.fr\/index.php\/wp-json\/wp\/v2\/media?parent=74"}],"curies":[{"name":"wp","href":"https:\/\/api.w.org\/{rel}","templated":true}]}}