{"id":58,"date":"2022-05-19T11:14:18","date_gmt":"2022-05-19T09:14:18","guid":{"rendered":"http:\/\/velovel.cluster031.hosting.ovh.net\/?page_id=58"},"modified":"2025-07-07T07:10:41","modified_gmt":"2025-07-07T05:10:41","slug":"stage-enfant-12ans","status":"publish","type":"page","link":"https:\/\/veloverdon.fr\/index.php\/stage-enfant-12ans\/","title":{"rendered":"Stage enfant 6 \u00e0 11 ans 3 s\u00e9ances"},"content":{"rendered":"\n<div class=\"wp-block-cover alignfull\" style=\"min-height:800px;aspect-ratio:unset;\"><img decoding=\"async\" class=\"wp-block-cover__image-background\" alt=\"\" src=\"https:\/\/s.w.org\/images\/core\/5.8\/forest.jpg\" data-object-fit=\"cover\"\/><span aria-hidden=\"true\" class=\"wp-block-cover__background has-background-dim-60 has-background-dim\"><\/span><div class=\"wp-block-cover__inner-container is-layout-flow wp-block-cover-is-layout-flow\">\n<h2 class=\"wp-block-heading alignwide has-text-color\" style=\"color:#ffe074;font-size:64px\">Stage enfant multiride.<\/h2>\n\n\n\n<div class=\"wp-block-columns alignwide is-layout-flex wp-container-core-columns-is-layout-9d6595d7 wp-block-columns-is-layout-flex\">\n<div class=\"wp-block-column is-layout-flow wp-block-column-is-layout-flow\" style=\"flex-basis:55%\">\n<p>Stage de 3 jours<br>Dimanche \/ Lundi \/ Mardi <br>Lundi \/ Mardi \/ Mercredi<br>Cours de 3 \u00e0 8 \u00e9l\u00e8ves<br>S\u00e9ance de 2h15 (temps effectif ~2h)<br><br>Stage de 5 Jours du lundi au vendredi<\/p>\n\n\n\n<p>Possibilit\u00e9 de d\u00e9placement en navette \u00e0 la charge de l\u2019\u00e9cole.<\/p>\n\n\n\n<h3 class=\"wp-block-heading\">Niveau et \u00e2ge&nbsp;:<\/h3>\n\n\n\n<p>7 \u00e0 11 ans ma\u00eetrisant les techniques de bases de freinage et p\u00e9dalage.<br>L&rsquo;\u00e9l\u00e8ve sait slalomer debout sur son v\u00e9lo dans la pente, tenir en \u00e9quilibre, rouler en s\u00e9curit\u00e9 sur un chemin large.<\/p>\n\n\n\n<h3 class=\"wp-block-heading\">Description contenu:<\/h3>\n\n\n\n<p>Travail technique des fondamentaux: p\u00e9dalage \/ freinage \/ \u00e9quilibre \/ trajectoire sur des ateliers d\u00e9di\u00e9s.<br>Sortie sur chemin facile puis sentier si le niveau le permet.<br>D\u00e9couverte des pistes du bike park \/ descente niveau vert en fin de stage si le niveau le permet (dans ce cas le forfait de remont\u00e9e m\u00e9canique sera \u00e0 la charge de l&rsquo;\u00e9l\u00e8ve).<\/p>\n\n\n\n<h3 class=\"wp-block-heading\">Tarifs&nbsp;:<\/h3>\n\n\n\n<figure class=\"wp-block-table\"><table><tbody><tr><td>Stage 3 s\u00e9ances<\/td><td>Stage 5 s\u00e9ances<\/td><\/tr><tr><td>120\u20ac<\/td><td>190\u20ac<\/td><\/tr><\/tbody><\/table><\/figure>\n\n\n\n<p>+ 10\u20ac par s\u00e9ance pour le pr\u00eat d\u2019un VTT Mat\u00e9riel de protection pr\u00eat\u00e9 automatiquement<\/p>\n\n\n\n<h3 class=\"wp-block-heading\">Programmation \/ Horaires<\/h3>\n\n\n\n<p>D\u00e9pendamment du nombre d&rsquo;inscrits dans chaque stages \/ niveaux, l&rsquo;\u00e9cole de VTT d\u00e9termine les horaires du stage uniquement la semaine pr\u00e9c\u00e9dent votre stage.<br>C&rsquo;est \u00e0 dire que l&rsquo;horaire vous sera communiqu\u00e9 via SMS le vendredi pr\u00e9c\u00e9dent le d\u00e9but de votre stage.<br><\/p>\n\n\n\n<p class=\"has-text-color\" style=\"color:#ffe074;font-size:12px;line-height:1.3\"><strong>Ouverture des r\u00e9servations 1 mois avant le d\u00e9but du stage.<\/strong><\/p>\n<\/div>\n\n\n\n<div class=\"wp-block-column is-layout-flow wp-block-column-is-layout-flow\">\n<figure class=\"wp-block-image size-large is-resized\"><img loading=\"lazy\" decoding=\"async\" width=\"768\" height=\"1024\" src=\"http:\/\/velovel.cluster031.hosting.ovh.net\/wp-content\/uploads\/2022\/06\/20210809_101407-768x1024.jpg\" alt=\"\" class=\"wp-image-194\" style=\"width:249px;height:332px\" srcset=\"https:\/\/veloverdon.fr\/wp-content\/uploads\/2022\/06\/20210809_101407-768x1024.jpg 768w, https:\/\/veloverdon.fr\/wp-content\/uploads\/2022\/06\/20210809_101407-225x300.jpg 225w, https:\/\/veloverdon.fr\/wp-content\/uploads\/2022\/06\/20210809_101407-1152x1536.jpg 1152w, https:\/\/veloverdon.fr\/wp-content\/uploads\/2022\/06\/20210809_101407-1536x2048.jpg 1536w, https:\/\/veloverdon.fr\/wp-content\/uploads\/2022\/06\/20210809_101407-scaled.jpg 1920w\" sizes=\"auto, (max-width: 768px) 100vw, 768px\" \/><\/figure>\n<\/div>\n<\/div>\n<\/div><\/div>\n\n\n\n<p><br><\/p>\n","protected":false},"excerpt":{"rendered":"","protected":false},"author":1,"featured_media":0,"parent":0,"menu_order":0,"comment_status":"closed","ping_status":"closed","template":"","meta":{"footnotes":""},"class_list":["post-58","page","type-page","status-publish","hentry"],"_links":{"self":[{"href":"https:\/\/veloverdon.fr\/index.php\/wp-json\/wp\/v2\/pages\/58","targetHints":{"allow":["GET"]}}],"collection":[{"href":"https:\/\/veloverdon.fr\/index.php\/wp-json\/wp\/v2\/pages"}],"about":[{"href":"https:\/\/veloverdon.fr\/index.php\/wp-json\/wp\/v2\/types\/page"}],"author":[{"embeddable":true,"href":"https:\/\/veloverdon.fr\/index.php\/wp-json\/wp\/v2\/users\/1"}],"replies":[{"embeddable":true,"href":"https:\/\/veloverdon.fr\/index.php\/wp-json\/wp\/v2\/comments?post=58"}],"version-history":[{"count":18,"href":"https:\/\/veloverdon.fr\/index.php\/wp-json\/wp\/v2\/pages\/58\/revisions"}],"predecessor-version":[{"id":471,"href":"https:\/\/veloverdon.fr\/index.php\/wp-json\/wp\/v2\/pages\/58\/revisions\/471"}],"wp:attachment":[{"href":"https:\/\/veloverdon.fr\/index.php\/wp-json\/wp\/v2\/media?parent=58"}],"curies":[{"name":"wp","href":"https:\/\/api.w.org\/{rel}","templated":true}]}}