{"id":2,"date":"2022-05-19T09:30:40","date_gmt":"2022-05-19T07:30:40","guid":{"rendered":"http:\/\/velovel.cluster031.hosting.ovh.net\/?page_id=2"},"modified":"2024-06-17T16:30:03","modified_gmt":"2024-06-17T14:30:03","slug":"page-d-exemple","status":"publish","type":"page","link":"https:\/\/veloverdon.fr\/index.php\/page-d-exemple\/","title":{"rendered":"E-Trot"},"content":{"rendered":"\n<div class=\"wp-block-cover alignfull\" style=\"min-height:800px;aspect-ratio:unset;\"><span aria-hidden=\"true\" class=\"wp-block-cover__background has-background-dim-60 has-background-dim\"><\/span><img decoding=\"async\" class=\"wp-block-cover__image-background\" alt=\"\" src=\"https:\/\/s.w.org\/images\/core\/5.8\/forest.jpg\" data-object-fit=\"cover\"\/><div class=\"wp-block-cover__inner-container is-layout-flow wp-block-cover-is-layout-flow\">\n<h2 class=\"wp-block-heading alignwide has-text-color\" style=\"color:#ffe074;font-size:64px\">Trottinettes de montagne \u00e9lectriques <\/h2>\n\n\n\n<div class=\"wp-block-columns alignwide is-layout-flex wp-container-core-columns-is-layout-9d6595d7 wp-block-columns-is-layout-flex\">\n<div class=\"wp-block-column is-layout-flow wp-block-column-is-layout-flow\" style=\"flex-basis:55%\">\n<h3 class=\"wp-block-heading\">Nouveaut\u00e9: en location<\/h3>\n\n\n\n<p>Louez nos trottinettes \u00e9lectriques de montagne<br>Roues de vtt, freins \u00e0 disque et fourche.<br>Id\u00e9ale pour une balade en famille autour du Village d&rsquo;Allos ou le long du Verdon.<br>Laissez vous embarquer sans efforts gr\u00e2ce au moteur \u00e9lectrique et d\u00e9couvrez le Val d&rsquo;Allos sous un autre angle.<br><strong>Sortie en autonomie, sans moniteur accompagnateur.<\/strong><\/p>\n\n\n\n<p><strong>Tarifs<\/strong><\/p>\n\n\n\n<ul class=\"wp-block-list\">\n<li>1h30 40\u20ac<\/li>\n\n\n\n<li>Demi journ\u00e9e 65\u20ac<\/li>\n<\/ul>\n\n\n\n<figure class=\"wp-block-image size-large\"><img loading=\"lazy\" decoding=\"async\" width=\"576\" height=\"1024\" src=\"https:\/\/veloverdon.fr\/wp-content\/uploads\/2024\/06\/IMG_3617-1-576x1024.jpg\" alt=\"\" class=\"wp-image-444\" srcset=\"https:\/\/veloverdon.fr\/wp-content\/uploads\/2024\/06\/IMG_3617-1-576x1024.jpg 576w, https:\/\/veloverdon.fr\/wp-content\/uploads\/2024\/06\/IMG_3617-1-169x300.jpg 169w, https:\/\/veloverdon.fr\/wp-content\/uploads\/2024\/06\/IMG_3617-1-768x1365.jpg 768w, https:\/\/veloverdon.fr\/wp-content\/uploads\/2024\/06\/IMG_3617-1-864x1536.jpg 864w, https:\/\/veloverdon.fr\/wp-content\/uploads\/2024\/06\/IMG_3617-1-1152x2048.jpg 1152w, https:\/\/veloverdon.fr\/wp-content\/uploads\/2024\/06\/IMG_3617-1-scaled.jpg 1440w\" sizes=\"auto, (max-width: 576px) 100vw, 576px\" \/><\/figure>\n<\/div>\n\n\n\n<div class=\"wp-block-column is-layout-flow wp-block-column-is-layout-flow\">\n<figure class=\"wp-block-image size-large\"><img loading=\"lazy\" decoding=\"async\" width=\"576\" height=\"1024\" src=\"https:\/\/veloverdon.fr\/wp-content\/uploads\/2024\/06\/IMG_3597-576x1024.jpg\" alt=\"\" class=\"wp-image-441\" srcset=\"https:\/\/veloverdon.fr\/wp-content\/uploads\/2024\/06\/IMG_3597-576x1024.jpg 576w, https:\/\/veloverdon.fr\/wp-content\/uploads\/2024\/06\/IMG_3597-169x300.jpg 169w, https:\/\/veloverdon.fr\/wp-content\/uploads\/2024\/06\/IMG_3597-768x1365.jpg 768w, https:\/\/veloverdon.fr\/wp-content\/uploads\/2024\/06\/IMG_3597-864x1536.jpg 864w, https:\/\/veloverdon.fr\/wp-content\/uploads\/2024\/06\/IMG_3597-1152x2048.jpg 1152w, https:\/\/veloverdon.fr\/wp-content\/uploads\/2024\/06\/IMG_3597-scaled.jpg 1440w\" sizes=\"auto, (max-width: 576px) 100vw, 576px\" \/><\/figure>\n<\/div>\n<\/div>\n<\/div><\/div>\n","protected":false},"excerpt":{"rendered":"","protected":false},"author":1,"featured_media":0,"parent":0,"menu_order":0,"comment_status":"closed","ping_status":"open","template":"","meta":{"footnotes":""},"class_list":["post-2","page","type-page","status-publish","hentry"],"_links":{"self":[{"href":"https:\/\/veloverdon.fr\/index.php\/wp-json\/wp\/v2\/pages\/2","targetHints":{"allow":["GET"]}}],"collection":[{"href":"https:\/\/veloverdon.fr\/index.php\/wp-json\/wp\/v2\/pages"}],"about":[{"href":"https:\/\/veloverdon.fr\/index.php\/wp-json\/wp\/v2\/types\/page"}],"author":[{"embeddable":true,"href":"https:\/\/veloverdon.fr\/index.php\/wp-json\/wp\/v2\/users\/1"}],"replies":[{"embeddable":true,"href":"https:\/\/veloverdon.fr\/index.php\/wp-json\/wp\/v2\/comments?post=2"}],"version-history":[{"count":5,"href":"https:\/\/veloverdon.fr\/index.php\/wp-json\/wp\/v2\/pages\/2\/revisions"}],"predecessor-version":[{"id":458,"href":"https:\/\/veloverdon.fr\/index.php\/wp-json\/wp\/v2\/pages\/2\/revisions\/458"}],"wp:attachment":[{"href":"https:\/\/veloverdon.fr\/index.php\/wp-json\/wp\/v2\/media?parent=2"}],"curies":[{"name":"wp","href":"https:\/\/api.w.org\/{rel}","templated":true}]}}